{"id":3247,"date":"2020-04-21T16:37:16","date_gmt":"2020-04-21T16:37:16","guid":{"rendered":"http:\/\/new.musikaliaelkartea.eus\/?page_id=3247"},"modified":"2020-04-23T09:46:13","modified_gmt":"2020-04-23T09:46:13","slug":"musikaliaren-mediateka","status":"publish","type":"page","link":"http:\/\/new.musikaliaelkartea.eus\/es\/musikaliaren-mediateka\/","title":{"rendered":"Mediateca de Musikalia"},"content":{"rendered":"<p>Ante esta situaci\u00f3n especial, provocada por el COVID-19, los actos culturales han quedado suspendidos y en un corto plazo no podremos volver a nuestras actividades.<\/p>\n<p>En estos 5 a\u00f1os hemos ofrecido numerosas actuaciones. Muchas de ellas han sido colaboraciones. Aqu\u00ed tienes algunos de los pases ofrecidos durante todos estos a\u00f1os para volver a verlos o verlos por primera vez.<\/p>\n<h3>Euskararen Nazioareteko Eguna a\u00f1os 2015 y 2016<\/h3>\n<p>Alumnos de Aixerrota actuando con la banda Musikalia Banda y el coro Kimetz en la plaza San Nikolas. Organizamos el Flashmoobe para celebrar el D\u00eda Internacional del Euskera<\/p>\n<p><iframe loading=\"lazy\" title=\"EUSKARAREN EGUNA GETXO. Flashmob 2015\" width=\"1300\" height=\"731\" src=\"https:\/\/www.youtube.com\/embed\/ilkrmXTefsg?feature=oembed\" frameborder=\"0\" allow=\"accelerometer; autoplay; clipboard-write; encrypted-media; gyroscope; picture-in-picture\" allowfullscreen><\/iframe><\/p>\n<p>Y lo volvimos a repetir el a\u00f1o 2016<\/p>\n<p><iframe loading=\"lazy\" title=\"GETXOKO EUSKARAREN EGUNEKO FLASHMOBA 2016\" width=\"1300\" height=\"731\" src=\"https:\/\/www.youtube.com\/embed\/FxrdqkPgX5g?start=189&#038;feature=oembed\" frameborder=\"0\" allow=\"accelerometer; autoplay; clipboard-write; encrypted-media; gyroscope; picture-in-picture\" allowfullscreen><\/iframe><\/p>\n<h3>Urko Herrikoi eta Musikalia banda (2017\/06\/21)<\/h3>\n<p>Con el objetivo de celebrar el D\u00eda Internacional de la M\u00fasica, realizamos una colaboraci\u00f3n con el m\u00edtico cantante Urko en la carpa Biotz Alai. Durante el concierto interpretamos las canciones m\u00e1s significativas de su trayectoria profesional. El p\u00fablico tuvo la oportunidad de cantar canciones como \u201cZezenak dira\u201d o \u201cGuk Euskaraz\u201d. Durante la preparaci\u00f3n del espect\u00e1culo, los m\u00fasicos pudimos disfrutar de la profesionalidad y el buen humor de Urko. <a href=\"http:\/\/new.musikaliaelkartea.eus\/2017\/06\/13\/urko-herrikoi-aurkezpen-bideoa\/\">M\u00e1s informaci\u00f3n<\/a><\/p>\n<p><iframe loading=\"lazy\" title=\"Urko Herrikoi eta Musikalia elkartearen kontzertua\" width=\"1300\" height=\"731\" src=\"https:\/\/www.youtube.com\/embed\/JHWdN8fhbdY?feature=oembed\" frameborder=\"0\" allow=\"accelerometer; autoplay; clipboard-write; encrypted-media; gyroscope; picture-in-picture\" allowfullscreen><\/iframe><\/p>\n<h3 id=\"display-dialog\" class=\"style-scope ytd-inline-form-renderer\">Concierto pedag\u00f3gico 2017<\/h3>\n<p>Junto a la directora Ane Legarreta y con el objetivo de celebrar la Santa Cecilia, ofrecimos un concierto para los m\u00e1s peque\u00f1os de la casa con bandas sonoras de pel\u00edculas conocidas. <a href=\"http:\/\/new.musikaliaelkartea.eus\/2017\/11\/19\/kontzertu-pedagogikoaren-onarpen-handia\/\">M\u00e1s informaci\u00f3n<\/a><\/p>\n<p><iframe loading=\"lazy\" title=\"Kontzertu pedagogikoa 2017\" width=\"1300\" height=\"731\" src=\"https:\/\/www.youtube.com\/embed\/videoseries?list=PLmqsUG0qwyl2TNc1ij5Gvyy3LfpU0Yt7C\" frameborder=\"0\" allow=\"accelerometer; autoplay; clipboard-write; encrypted-media; gyroscope; picture-in-picture\" allowfullscreen><\/iframe><\/p>\n<h3>Navidades 2017<\/h3>\n<p>Felicitamos las navidades con la canci\u00f3n All i want for christmas is you. Por primera vez salimos en formato de calle en navidades, pasamos por el bar de Sanjo y realizamos la comida de navidad en el asador de Fadura.<\/p>\n<p><iframe loading=\"lazy\" title=\"GABONAK 2017 MUSIKALIA ELKARTEA\" width=\"1300\" height=\"731\" src=\"https:\/\/www.youtube.com\/embed\/hSv2QyfNk6o?start=86&#038;feature=oembed\" frameborder=\"0\" allow=\"accelerometer; autoplay; clipboard-write; encrypted-media; gyroscope; picture-in-picture\" allowfullscreen><\/iframe><\/p>\n<h3>KantuBanda 2018<\/h3>\n<p>Actuaci\u00f3n junto a peque\u00f1os cantantes locales. <a href=\"http:\/\/new.musikaliaelkartea.eus\/2018\/06\/04\/kantatzen-duen-herri-bat-ez-da-inoiz-hilko\/\">M\u00e1s informaci\u00f3n<\/a><\/p>\n<p><iframe loading=\"lazy\" title=\"Kantubanda\" width=\"1300\" height=\"731\" src=\"https:\/\/www.youtube.com\/embed\/XQcuNTL2v1Q?feature=oembed\" frameborder=\"0\" allow=\"accelerometer; autoplay; clipboard-write; encrypted-media; gyroscope; picture-in-picture\" allowfullscreen><\/iframe><\/p>\n<h3>Feten Feten y Musikalia banda (2018\/06\/21)<\/h3>\n<p>Para celebrar el D\u00eda Internacional de la M\u00fasica,\u00a0 invitamos a los miembros del grupo de Feten Feten, Jorge y Diego y realizamos un divertido experimento, ajustando a nuestra banda su peculiar m\u00fasica e instrumentos. <a href=\"http:\/\/new.musikaliaelkartea.eus\/2018\/07\/03\/ez-ohiko-instrumentuek-plaza-hartu-zuten\/\">M\u00e1s informaci\u00f3n<\/a><\/p>\n<p><iframe loading=\"lazy\" title=\"Fet\u00e9n Fet\u00e9n &amp; Musikalia (Making - of)\" width=\"1300\" height=\"731\" src=\"https:\/\/www.youtube.com\/embed\/wTQ_xflY69E?feature=oembed\" frameborder=\"0\" allow=\"accelerometer; autoplay; clipboard-write; encrypted-media; gyroscope; picture-in-picture\" allowfullscreen><\/iframe><\/p>\n<h3 style=\"margin-top: 8.85938px; margin-bottom: 3.9375px;\">Navidades2018<\/h3>\n<p>Felicitamos estas navidades con un poco de marcha, con la canci\u00f3n \u00abMambo Chritsmas\u00bb<\/p>\n<p><iframe loading=\"lazy\" title=\"Gabonak 2018 Musikalia Elkartea\" width=\"1300\" height=\"731\" src=\"https:\/\/www.youtube.com\/embed\/x7ZXA5ExBPg?feature=oembed\" frameborder=\"0\" allow=\"accelerometer; autoplay; clipboard-write; encrypted-media; gyroscope; picture-in-picture\" allowfullscreen><\/iframe><\/p>\n<h3>Carnavales de Algorta 2019<\/h3>\n<p>Como todos los a\u00f1os salimos disfrazados a las calles de Algorta recordando la d\u00e9cada de los 20. <a href=\"http:\/\/new.musikaliaelkartea.eus\/2019\/03\/14\/musika-mozorroak-eta-giro-ederra\/\">M\u00e1s informaci\u00f3n<\/a><\/p>\n<p><iframe loading=\"lazy\" title=\"Mambo N\u00ba5 Musikalia Elkartea Algortako Inauteriak 2019\" width=\"1300\" height=\"731\" src=\"https:\/\/www.youtube.com\/embed\/kfiFoET_HAg?start=14&#038;feature=oembed\" frameborder=\"0\" allow=\"accelerometer; autoplay; clipboard-write; encrypted-media; gyroscope; picture-in-picture\" allowfullscreen><\/iframe><\/p>\n<h3>KantuPote 2019<\/h3>\n<p>No era la primera actuaci\u00f3n con el coro Biotz Alai, pero s\u00ed la primera vez que sal\u00edamos en este formato. El resultado fue muy positivo y repetible. <a href=\"http:\/\/new.musikaliaelkartea.eus\/es\/2019\/05\/15\/eguzkia-musika-eta-kantua\/\">M\u00e1s informaci\u00f3n<\/a><\/p>\n<p><iframe loading=\"lazy\" title=\"KANTU POTE 2019 (Musikalia banda &amp; Biotz Alai Abesbatza)\" width=\"1300\" height=\"731\" src=\"https:\/\/www.youtube.com\/embed\/xCA1plOgjpw?start=13&#038;feature=oembed\" frameborder=\"0\" allow=\"accelerometer; autoplay; clipboard-write; encrypted-media; gyroscope; picture-in-picture; web-share\" allowfullscreen><\/iframe><\/p>\n<h3>IRRIBANDA (2019\/06\/21)<\/h3>\n<p>Probablemente fue uno de los conciertos m\u00e1s especiales ofrecidos durante estos a\u00f1os, en los que tuvimos la oportunidad de compartir escenario junto a grupos locales y Pirritx, Porrotx eta Marimototots. <a href=\"http:\/\/new.musikaliaelkartea.eus\/2019\/06\/28\/zer-izan-zen-irribanda\/\">M\u00e1s informaci\u00f3n<\/a><\/p>\n<p><iframe loading=\"lazy\" title=\"Abordatzera IRRIBANDA (Musikalia banda &amp; Ainhoa Aranburu)\" width=\"1300\" height=\"731\" src=\"https:\/\/www.youtube.com\/embed\/uafXy53JhyI?feature=oembed\" frameborder=\"0\" allow=\"accelerometer; autoplay; clipboard-write; encrypted-media; gyroscope; picture-in-picture\" allowfullscreen><\/iframe><\/p>\n<h3>Concierto de bandas sonoras (2019\/11\/23)<\/h3>\n<p>Dentro de las actuaciones de apertura de Muxikebarri, actuamos en la sala Arrigunaga, en el primer concierto dirigido por Asier Ituarte. <a href=\"http:\/\/new.musikaliaelkartea.eus\/2019\/11\/24\/soinu-banden-kontzertua-getxoko-islak-ikuskizunean\/\">M\u00e1s informaci\u00f3n<\/a><\/p>\n<p><iframe loading=\"lazy\" title=\"Soinu banden kontzertua 2019\" width=\"1300\" height=\"731\" src=\"https:\/\/www.youtube.com\/embed\/videoseries?list=PLmqsUG0qwyl0WxA2aVASS-Cih0LDYxY_c\" frameborder=\"0\" allow=\"accelerometer; autoplay; clipboard-write; encrypted-media; gyroscope; picture-in-picture\" allowfullscreen><\/iframe><\/p>\n<h3>Navidades 2019<\/h3>\n<p>El \u00e9xito y el buen ambiente surgida en la colaboraci\u00f3n de Irribanda nos llev\u00f3 a ofrecer un nuevo concierto con las chicas del Coro Kimetz. \u00a0<a href=\"http:\/\/new.musikaliaelkartea.eus\/2020\/01\/14\/bueltan-gara\/\">M\u00e1s informaci\u00f3n<\/a><\/p>\n<p><iframe loading=\"lazy\" title=\"Gabon kontzertua 2019\" width=\"1300\" height=\"731\" src=\"https:\/\/www.youtube.com\/embed\/videoseries?list=PLmqsUG0qwyl0Ag0ugPAppQdFumJOQm84h\" frameborder=\"0\" allow=\"accelerometer; autoplay; clipboard-write; encrypted-media; gyroscope; picture-in-picture\" allowfullscreen><\/iframe><\/p>\n<p>&nbsp;<\/p>","protected":false},"excerpt":{"rendered":"<p>Ante esta situaci\u00f3n especial, provocada por el COVID-19, los actos culturales han quedado suspendidos y en un corto plazo no podremos volver a nuestras actividades.<a href=\"http:\/\/new.musikaliaelkartea.eus\/es\/musikaliaren-mediateka\/\" class=\"more-link\">View More<\/a><\/p>\n","protected":false},"author":2,"featured_media":0,"parent":0,"menu_order":0,"comment_status":"closed","ping_status":"closed","template":"","meta":[],"_links":{"self":[{"href":"http:\/\/new.musikaliaelkartea.eus\/es\/wp-json\/wp\/v2\/pages\/3247"}],"collection":[{"href":"http:\/\/new.musikaliaelkartea.eus\/es\/wp-json\/wp\/v2\/pages"}],"about":[{"href":"http:\/\/new.musikaliaelkartea.eus\/es\/wp-json\/wp\/v2\/types\/page"}],"author":[{"embeddable":true,"href":"http:\/\/new.musikaliaelkartea.eus\/es\/wp-json\/wp\/v2\/users\/2"}],"replies":[{"embeddable":true,"href":"http:\/\/new.musikaliaelkartea.eus\/es\/wp-json\/wp\/v2\/comments?post=3247"}],"version-history":[{"count":7,"href":"http:\/\/new.musikaliaelkartea.eus\/es\/wp-json\/wp\/v2\/pages\/3247\/revisions"}],"predecessor-version":[{"id":3330,"href":"http:\/\/new.musikaliaelkartea.eus\/es\/wp-json\/wp\/v2\/pages\/3247\/revisions\/3330"}],"wp:attachment":[{"href":"http:\/\/new.musikaliaelkartea.eus\/es\/wp-json\/wp\/v2\/media?parent=3247"}],"curies":[{"name":"wp","href":"https:\/\/api.w.org\/{rel}","templated":true}]}}