{"id":3214,"date":"2020-04-21T16:44:48","date_gmt":"2020-04-21T16:44:48","guid":{"rendered":"http:\/\/new.musikaliaelkartea.eus\/?page_id=3214"},"modified":"2020-04-23T08:36:38","modified_gmt":"2020-04-23T08:36:38","slug":"aspertzea-saihesteko-proposamenak","status":"publish","type":"page","link":"http:\/\/new.musikaliaelkartea.eus\/es\/aspertzea-saihesteko-proposamenak\/","title":{"rendered":"Propuestas para evitar el aburrimiento"},"content":{"rendered":"<!-- wp:paragraph -->\r\n<p>La estancia est\u00e1 siendo larga, por eso venimos con algunas propuestas. Aqu\u00ed abajo encontrar\u00e1s diferentes juegos y retos, entre ellos los diferentes bingos creados por Musikalia y los diferentes retos.<\/p>\r\n<!-- \/wp:paragraph -->\r\n<p><img decoding=\"async\" loading=\"lazy\" class=\"wp-image-3243  alignleft\" src=\"http:\/\/new.musikaliaelkartea.eus\/wp-content\/uploads\/2020\/04\/3320-300x292.jpg\" alt=\"\" width=\"300\" height=\"292\" srcset=\"http:\/\/new.musikaliaelkartea.eus\/wp-content\/uploads\/2020\/04\/3320-300x292.jpg 300w, http:\/\/new.musikaliaelkartea.eus\/wp-content\/uploads\/2020\/04\/3320-1024x996.jpg 1024w, http:\/\/new.musikaliaelkartea.eus\/wp-content\/uploads\/2020\/04\/3320-768x747.jpg 768w, http:\/\/new.musikaliaelkartea.eus\/wp-content\/uploads\/2020\/04\/3320-1536x1494.jpg 1536w, http:\/\/new.musikaliaelkartea.eus\/wp-content\/uploads\/2020\/04\/3320-2048x1992.jpg 2048w, http:\/\/new.musikaliaelkartea.eus\/wp-content\/uploads\/2020\/04\/3320-308x300.jpg 308w, http:\/\/new.musikaliaelkartea.eus\/wp-content\/uploads\/2020\/04\/3320-45x45.jpg 45w\" sizes=\"(max-width: 300px) 100vw, 300px\" \/><\/p>\r\n<p><a href=\"http:\/\/new.musikaliaelkartea.eus\/musikaliaren-bingoak-2\/\"><img decoding=\"async\" loading=\"lazy\" class=\"alignright wp-image-3298 size-medium\" src=\"http:\/\/new.musikaliaelkartea.eus\/wp-content\/uploads\/2020\/04\/bingoa-instrumentuekin-WWWWLOGO-294x300.jpg\" alt=\"\" width=\"294\" height=\"300\" srcset=\"http:\/\/new.musikaliaelkartea.eus\/wp-content\/uploads\/2020\/04\/bingoa-instrumentuekin-WWWWLOGO-294x300.jpg 294w, http:\/\/new.musikaliaelkartea.eus\/wp-content\/uploads\/2020\/04\/bingoa-instrumentuekin-WWWWLOGO-1003x1024.jpg 1003w, http:\/\/new.musikaliaelkartea.eus\/wp-content\/uploads\/2020\/04\/bingoa-instrumentuekin-WWWWLOGO-768x784.jpg 768w, http:\/\/new.musikaliaelkartea.eus\/wp-content\/uploads\/2020\/04\/bingoa-instrumentuekin-WWWWLOGO-60x60.jpg 60w, http:\/\/new.musikaliaelkartea.eus\/wp-content\/uploads\/2020\/04\/bingoa-instrumentuekin-WWWWLOGO-45x45.jpg 45w, http:\/\/new.musikaliaelkartea.eus\/wp-content\/uploads\/2020\/04\/bingoa-instrumentuekin-WWWWLOGO.jpg 1074w\" sizes=\"(max-width: 294px) 100vw, 294px\" \/><\/a><\/p>\r\n<p><a href=\"http:\/\/new.musikaliaelkartea.eus\/musikaliaren-mediateka\/\"><img decoding=\"async\" loading=\"lazy\" class=\"alignleft wp-image-3245\" src=\"http:\/\/new.musikaliaelkartea.eus\/wp-content\/uploads\/2020\/04\/88888-300x292.jpg\" alt=\"\" width=\"300\" height=\"292\" srcset=\"http:\/\/new.musikaliaelkartea.eus\/wp-content\/uploads\/2020\/04\/88888-300x292.jpg 300w, http:\/\/new.musikaliaelkartea.eus\/wp-content\/uploads\/2020\/04\/88888-1024x996.jpg 1024w, http:\/\/new.musikaliaelkartea.eus\/wp-content\/uploads\/2020\/04\/88888-768x747.jpg 768w, http:\/\/new.musikaliaelkartea.eus\/wp-content\/uploads\/2020\/04\/88888-1536x1494.jpg 1536w, http:\/\/new.musikaliaelkartea.eus\/wp-content\/uploads\/2020\/04\/88888-2048x1992.jpg 2048w, http:\/\/new.musikaliaelkartea.eus\/wp-content\/uploads\/2020\/04\/88888-308x300.jpg 308w, http:\/\/new.musikaliaelkartea.eus\/wp-content\/uploads\/2020\/04\/88888-45x45.jpg 45w\" sizes=\"(max-width: 300px) 100vw, 300px\" \/><\/a><img decoding=\"async\" loading=\"lazy\" class=\"size-medium wp-image-3251 alignright\" src=\"http:\/\/new.musikaliaelkartea.eus\/wp-content\/uploads\/2020\/04\/pngtree-boxlabyrinthpuzzlesolutioncube-logo-design-blue-and-ora-image_210765-300x300.jpg\" alt=\"\" width=\"300\" height=\"300\" srcset=\"http:\/\/new.musikaliaelkartea.eus\/wp-content\/uploads\/2020\/04\/pngtree-boxlabyrinthpuzzlesolutioncube-logo-design-blue-and-ora-image_210765-300x300.jpg 300w, http:\/\/new.musikaliaelkartea.eus\/wp-content\/uploads\/2020\/04\/pngtree-boxlabyrinthpuzzlesolutioncube-logo-design-blue-and-ora-image_210765-150x150.jpg 150w, http:\/\/new.musikaliaelkartea.eus\/wp-content\/uploads\/2020\/04\/pngtree-boxlabyrinthpuzzlesolutioncube-logo-design-blue-and-ora-image_210765-450x450.jpg 450w, http:\/\/new.musikaliaelkartea.eus\/wp-content\/uploads\/2020\/04\/pngtree-boxlabyrinthpuzzlesolutioncube-logo-design-blue-and-ora-image_210765-60x60.jpg 60w, http:\/\/new.musikaliaelkartea.eus\/wp-content\/uploads\/2020\/04\/pngtree-boxlabyrinthpuzzlesolutioncube-logo-design-blue-and-ora-image_210765-550x550.jpg 550w, http:\/\/new.musikaliaelkartea.eus\/wp-content\/uploads\/2020\/04\/pngtree-boxlabyrinthpuzzlesolutioncube-logo-design-blue-and-ora-image_210765-45x45.jpg 45w, http:\/\/new.musikaliaelkartea.eus\/wp-content\/uploads\/2020\/04\/pngtree-boxlabyrinthpuzzlesolutioncube-logo-design-blue-and-ora-image_210765.jpg 640w\" sizes=\"(max-width: 300px) 100vw, 300px\" \/><\/p>\r\n<!-- \/wp:paragraph -->\r\n<p>&nbsp;<\/p>\r\n<!-- wp:paragraph -->","protected":false},"excerpt":{"rendered":"<p>La estancia est\u00e1 siendo larga, por eso venimos con algunas propuestas. Aqu\u00ed abajo encontrar\u00e1s diferentes juegos y retos, entre ellos los diferentes bingos creados por<a href=\"http:\/\/new.musikaliaelkartea.eus\/es\/aspertzea-saihesteko-proposamenak\/\" class=\"more-link\">View More<\/a><\/p>\n","protected":false},"author":1,"featured_media":0,"parent":0,"menu_order":0,"comment_status":"closed","ping_status":"closed","template":"","meta":[],"_links":{"self":[{"href":"http:\/\/new.musikaliaelkartea.eus\/es\/wp-json\/wp\/v2\/pages\/3214"}],"collection":[{"href":"http:\/\/new.musikaliaelkartea.eus\/es\/wp-json\/wp\/v2\/pages"}],"about":[{"href":"http:\/\/new.musikaliaelkartea.eus\/es\/wp-json\/wp\/v2\/types\/page"}],"author":[{"embeddable":true,"href":"http:\/\/new.musikaliaelkartea.eus\/es\/wp-json\/wp\/v2\/users\/1"}],"replies":[{"embeddable":true,"href":"http:\/\/new.musikaliaelkartea.eus\/es\/wp-json\/wp\/v2\/comments?post=3214"}],"version-history":[{"count":26,"href":"http:\/\/new.musikaliaelkartea.eus\/es\/wp-json\/wp\/v2\/pages\/3214\/revisions"}],"predecessor-version":[{"id":3315,"href":"http:\/\/new.musikaliaelkartea.eus\/es\/wp-json\/wp\/v2\/pages\/3214\/revisions\/3315"}],"wp:attachment":[{"href":"http:\/\/new.musikaliaelkartea.eus\/es\/wp-json\/wp\/v2\/media?parent=3214"}],"curies":[{"name":"wp","href":"https:\/\/api.w.org\/{rel}","templated":true}]}}