{"id":1980,"date":"2019-02-10T12:25:19","date_gmt":"2019-02-10T12:25:19","guid":{"rendered":"http:\/\/new.musikaliaelkartea.eus\/?page_id=1980"},"modified":"2019-02-23T12:28:38","modified_gmt":"2019-02-23T12:28:38","slug":"eman-izena-elkarteko-lagun","status":"publish","type":"page","link":"http:\/\/new.musikaliaelkartea.eus\/es\/eman-izena-elkarteko-lagun\/","title":{"rendered":"Inscribirte y hazte amigo de Musikalia"},"content":{"rendered":"<p><img decoding=\"async\" loading=\"lazy\" class=\"wp-image-2066 size-large aligncenter\" src=\"http:\/\/new.musikaliaelkartea.eus\/wp-content\/uploads\/2019\/01\/2-1024x256.jpg\" alt=\"\" width=\"723\" height=\"181\" srcset=\"http:\/\/new.musikaliaelkartea.eus\/wp-content\/uploads\/2019\/01\/2-1024x256.jpg 1024w, http:\/\/new.musikaliaelkartea.eus\/wp-content\/uploads\/2019\/01\/2-300x75.jpg 300w, http:\/\/new.musikaliaelkartea.eus\/wp-content\/uploads\/2019\/01\/2-768x192.jpg 768w, http:\/\/new.musikaliaelkartea.eus\/wp-content\/uploads\/2019\/01\/2.jpg 1200w\" sizes=\"(max-width: 723px) 100vw, 723px\" \/><\/p>\n<p>Getxo Andres Isasi Musikalia Elkartea es una asociaci\u00f3n cultural sin \u00e1nimo de lucro. El sustento econ\u00f3mico la obtenemos de las cuotas de los m\u00fasicos y los ingresos obtenidos de conciertos y actuaciones.<\/p>\n<p><img decoding=\"async\" loading=\"lazy\" class=\"size-medium wp-image-2025 alignright zoooom\" src=\"http:\/\/new.musikaliaelkartea.eus\/wp-content\/uploads\/2018\/08\/Musikalia-Pilares-300x225.png\" alt=\"\" width=\"300\" height=\"225\" srcset=\"http:\/\/new.musikaliaelkartea.eus\/wp-content\/uploads\/2018\/08\/Musikalia-Pilares-300x225.png 300w, http:\/\/new.musikaliaelkartea.eus\/wp-content\/uploads\/2018\/08\/Musikalia-Pilares-768x576.png 768w, http:\/\/new.musikaliaelkartea.eus\/wp-content\/uploads\/2018\/08\/Musikalia-Pilares.png 1024w, http:\/\/new.musikaliaelkartea.eus\/wp-content\/uploads\/2018\/08\/Musikalia-Pilares-400x300.png 400w\" sizes=\"(max-width: 300px) 100vw, 300px\" \/>Queriendo acercar a las m\u00fasicas al pueblo, intentamos proponer nuevos y divertidos proyectos todos los a\u00f1os. Por eso, nos gustar\u00eda que te unieras a nosotros como amigo. Tus aportaciones y propuestas son importantes para nosotros.<\/p>\n<p>Mediante el correo que nos facilitas abajo, te informaremos de todos los eventos en los que Musikalia participe.<\/p>\n<p><a href=\"https:\/\/drive.google.com\/file\/d\/1XEPjS_-k1xrky_N9hB9rf5arEByVmIvC\/view?usp=sharing\">Formato papel<\/a><\/p>\n<p><a href=\"https:\/\/wp.me\/P8OhQz-xL\">Condiciones de los socios colaboradores<\/a><\/p>\n[contact-form-7 404 \"No encontrado\"]\n<p><a href=\"https:\/\/wp.me\/P8OhQz-vS\">\u00a0Pol\u00edtica de Privacidad y Aviso Legal<\/a><\/p>","protected":false},"excerpt":{"rendered":"<p>Getxo Andres Isasi Musikalia Elkartea es una asociaci\u00f3n cultural sin \u00e1nimo de lucro. El sustento econ\u00f3mico la obtenemos de las cuotas de los m\u00fasicos y<a href=\"http:\/\/new.musikaliaelkartea.eus\/es\/eman-izena-elkarteko-lagun\/\" class=\"more-link\">View More<\/a><\/p>\n","protected":false},"author":1,"featured_media":2114,"parent":0,"menu_order":0,"comment_status":"closed","ping_status":"closed","template":"","meta":[],"_links":{"self":[{"href":"http:\/\/new.musikaliaelkartea.eus\/es\/wp-json\/wp\/v2\/pages\/1980"}],"collection":[{"href":"http:\/\/new.musikaliaelkartea.eus\/es\/wp-json\/wp\/v2\/pages"}],"about":[{"href":"http:\/\/new.musikaliaelkartea.eus\/es\/wp-json\/wp\/v2\/types\/page"}],"author":[{"embeddable":true,"href":"http:\/\/new.musikaliaelkartea.eus\/es\/wp-json\/wp\/v2\/users\/1"}],"replies":[{"embeddable":true,"href":"http:\/\/new.musikaliaelkartea.eus\/es\/wp-json\/wp\/v2\/comments?post=1980"}],"version-history":[{"count":21,"href":"http:\/\/new.musikaliaelkartea.eus\/es\/wp-json\/wp\/v2\/pages\/1980\/revisions"}],"predecessor-version":[{"id":2153,"href":"http:\/\/new.musikaliaelkartea.eus\/es\/wp-json\/wp\/v2\/pages\/1980\/revisions\/2153"}],"wp:featuredmedia":[{"embeddable":true,"href":"http:\/\/new.musikaliaelkartea.eus\/es\/wp-json\/wp\/v2\/media\/2114"}],"wp:attachment":[{"href":"http:\/\/new.musikaliaelkartea.eus\/es\/wp-json\/wp\/v2\/media?parent=1980"}],"curies":[{"name":"wp","href":"https:\/\/api.w.org\/{rel}","templated":true}]}}